{"id":1467,"date":"2016-09-06T13:50:34","date_gmt":"2016-09-06T11:50:34","guid":{"rendered":"http:\/\/www.ggs-merianstr.de\/wordpress\/?page_id=1467"},"modified":"2024-04-15T14:49:45","modified_gmt":"2024-04-15T12:49:45","slug":"ogs","status":"publish","type":"page","link":"https:\/\/www.ggs-merianstr.de\/wordpress\/?page_id=1467","title":{"rendered":"OGTS"},"content":{"rendered":"\n<div class=\"wp-block-buttons is-layout-flex wp-block-buttons-is-layout-flex\">\n<div class=\"wp-block-button\"><a class=\"wp-block-button__link has-background wp-element-button\" href=\"https:\/\/www.ggs-merianstr.de\/wordpress\/?page_id=1469\" style=\"background-color:#631ba6\"><em>Allgemeine Infos<\/em><\/a><\/div>\n\n\n\n<div class=\"wp-block-button\"><a class=\"wp-block-button__link has-background wp-element-button\" href=\"https:\/\/www.ggs-merianstr.de\/wordpress\/?page_id=1644\" style=\"background-color:#631ba6\"><em>Kontakt<\/em><\/a><\/div>\n\n\n\n<div class=\"wp-block-button\"><a class=\"wp-block-button__link has-background wp-element-button\" href=\"https:\/\/www.ggs-merianstr.de\/wordpress\/?page_id=3928\" style=\"background-color:#631ba6\"><em>Gruppen<\/em><\/a><\/div>\n\n\n\n<div class=\"wp-block-button\"><a class=\"wp-block-button__link has-background wp-element-button\" href=\"https:\/\/www.ggs-merianstr.de\/wordpress\/?page_id=3698\" style=\"background-color:#631ba6\"><em>AGs<\/em><\/a><\/div>\n\n\n\n<div class=\"wp-block-button\"><a class=\"wp-block-button__link has-background wp-element-button\" href=\"https:\/\/www.ggs-merianstr.de\/wordpress\/?page_id=1471\" style=\"background-color:#631ba6\"><em>Projekte<\/em><\/a><\/div>\n<\/div>\n\n\n\n<p class=\"has-black-color has-text-color has-medium-font-size\">01.09.2023<\/p>\n\n\n\n<p class=\"has-text-align-center has-text-color has-large-font-size\" style=\"color:#9e3d89\">Tag der offenen T\u00fcr in der OGTS<\/p>\n\n\n\n<p>Die OGTS \u00f6ffnete heute ihre T\u00fcren, pr\u00e4sentierte sich den Eltern und stand f\u00fcr Fragen und Anregungen zur Verf\u00fcgung:<\/p>\n\n\n\n<figure class=\"wp-block-image size-full\"><img loading=\"lazy\" decoding=\"async\" width=\"240\" height=\"320\" src=\"http:\/\/www.ggs-merianstr.de\/wordpress\/wp-content\/uploads\/Fussball_OGTS.jpg\" alt=\"\" class=\"wp-image-4999\" srcset=\"https:\/\/www.ggs-merianstr.de\/wordpress\/wp-content\/uploads\/Fussball_OGTS.jpg 240w, https:\/\/www.ggs-merianstr.de\/wordpress\/wp-content\/uploads\/Fussball_OGTS-225x300.jpg 225w, https:\/\/www.ggs-merianstr.de\/wordpress\/wp-content\/uploads\/Fussball_OGTS-113x150.jpg 113w\" sizes=\"auto, (max-width: 240px) 100vw, 240px\" \/><\/figure>\n\n\n\n<figure class=\"wp-block-image aligncenter size-full\"><img loading=\"lazy\" decoding=\"async\" width=\"320\" height=\"240\" src=\"http:\/\/www.ggs-merianstr.de\/wordpress\/wp-content\/uploads\/Ferienprogramm_OGTS.jpg\" alt=\"\" class=\"wp-image-5000\" srcset=\"https:\/\/www.ggs-merianstr.de\/wordpress\/wp-content\/uploads\/Ferienprogramm_OGTS.jpg 320w, https:\/\/www.ggs-merianstr.de\/wordpress\/wp-content\/uploads\/Ferienprogramm_OGTS-300x225.jpg 300w, https:\/\/www.ggs-merianstr.de\/wordpress\/wp-content\/uploads\/Ferienprogramm_OGTS-150x113.jpg 150w\" sizes=\"auto, (max-width: 320px) 100vw, 320px\" \/><\/figure>\n\n\n\n<figure class=\"wp-block-image size-full\"><img loading=\"lazy\" decoding=\"async\" width=\"240\" height=\"320\" src=\"http:\/\/www.ggs-merianstr.de\/wordpress\/wp-content\/uploads\/OGTS_Tag-der-offenen-Tuer.jpg\" alt=\"\" class=\"wp-image-5001\" srcset=\"https:\/\/www.ggs-merianstr.de\/wordpress\/wp-content\/uploads\/OGTS_Tag-der-offenen-Tuer.jpg 240w, https:\/\/www.ggs-merianstr.de\/wordpress\/wp-content\/uploads\/OGTS_Tag-der-offenen-Tuer-225x300.jpg 225w, https:\/\/www.ggs-merianstr.de\/wordpress\/wp-content\/uploads\/OGTS_Tag-der-offenen-Tuer-113x150.jpg 113w\" sizes=\"auto, (max-width: 240px) 100vw, 240px\" \/><\/figure>\n\n\n\n<figure class=\"wp-block-image aligncenter size-full\"><img loading=\"lazy\" decoding=\"async\" width=\"320\" height=\"240\" src=\"http:\/\/www.ggs-merianstr.de\/wordpress\/wp-content\/uploads\/Sachunterricht_OGTS.jpg\" alt=\"\" class=\"wp-image-5002\" srcset=\"https:\/\/www.ggs-merianstr.de\/wordpress\/wp-content\/uploads\/Sachunterricht_OGTS.jpg 320w, https:\/\/www.ggs-merianstr.de\/wordpress\/wp-content\/uploads\/Sachunterricht_OGTS-300x225.jpg 300w, https:\/\/www.ggs-merianstr.de\/wordpress\/wp-content\/uploads\/Sachunterricht_OGTS-150x113.jpg 150w\" sizes=\"auto, (max-width: 320px) 100vw, 320px\" \/><\/figure>\n\n\n\n<p class=\"has-black-color has-text-color has-medium-font-size\">11.02.2021<\/p>\n\n\n\n<figure class=\"wp-block-image size-large is-resized\"><img loading=\"lazy\" decoding=\"async\" width=\"1024\" height=\"576\" src=\"http:\/\/www.ggs-merianstr.de\/wordpress\/wp-content\/uploads\/Jecker-Gruss-der-OGTS-Collage-1024x576.jpg\" alt=\"\" class=\"wp-image-4039\" style=\"width:681px;height:383px\" srcset=\"https:\/\/www.ggs-merianstr.de\/wordpress\/wp-content\/uploads\/Jecker-Gruss-der-OGTS-Collage-1024x576.jpg 1024w, https:\/\/www.ggs-merianstr.de\/wordpress\/wp-content\/uploads\/Jecker-Gruss-der-OGTS-Collage-300x169.jpg 300w, https:\/\/www.ggs-merianstr.de\/wordpress\/wp-content\/uploads\/Jecker-Gruss-der-OGTS-Collage-150x84.jpg 150w, https:\/\/www.ggs-merianstr.de\/wordpress\/wp-content\/uploads\/Jecker-Gruss-der-OGTS-Collage-768x432.jpg 768w, https:\/\/www.ggs-merianstr.de\/wordpress\/wp-content\/uploads\/Jecker-Gruss-der-OGTS-Collage.jpg 1280w\" sizes=\"auto, (max-width: 1024px) 100vw, 1024px\" \/><\/figure>\n\n\n\n<p><\/p>\n\n\n\n<p><\/p>\n\n\n\n<p><\/p>\n\n\n\n<p><\/p>\n\n\n\n<div class=\"wp-block-file\"><a id=\"wp-block-file--media-cf4f8c90-b883-414a-9e87-2771f68b3f08\" href=\"http:\/\/www.ggs-merianstr.de\/wordpress\/wp-content\/uploads\/Bastelideen-Rund-um-Karneval.pdf\">Bastelideen-Rund-um-Karneval<\/a><a href=\"http:\/\/www.ggs-merianstr.de\/wordpress\/wp-content\/uploads\/Bastelideen-Rund-um-Karneval.pdf\" class=\"wp-block-file__button wp-element-button\" download aria-describedby=\"wp-block-file--media-cf4f8c90-b883-414a-9e87-2771f68b3f08\">Herunterladen<\/a><\/div>\n\n\n\n<p class=\"has-black-color has-text-color has-medium-font-size\"><strong>21.09.2020<\/strong><\/p>\n\n\n\n<p class=\"has-vivid-green-cyan-color has-white-background-color has-text-color has-background has-large-font-size\">Weltkindertag mit dem Linoclub<\/p>\n\n\n\n<p class=\"has-drop-cap\">Wie auch im letzten Jahr war der Kinderrat der OGTS stellvertretend f\u00fcr alle Kinder mitverantwortlich f\u00fcr den Weltkindertag in K\u00f6ln. <\/p>\n\n\n\n<figure class=\"wp-block-image\"><img decoding=\"async\" src=\"https:\/\/www.weltkindertag-koeln.de\/wp-content\/uploads\/2016\/08\/8bc63de22c.png\" alt=\"\"\/><\/figure>\n\n\n\n<p>Unter dem Moto \u201eKinderrechte schaffen Zukunft\u201c wurden in der Woche vom 14.09. &#8211; 20.09.2020 viele Aktionen in den Veedels veranstaltet, die auf die Bedeutung der Kinderrechte aufmerksam machen sollten. <\/p>\n\n\n\n<figure class=\"wp-block-image size-large is-resized\"><img loading=\"lazy\" decoding=\"async\" width=\"768\" height=\"1024\" src=\"http:\/\/www.ggs-merianstr.de\/wordpress\/wp-content\/uploads\/Weltkindertag1-768x1024.jpg\" alt=\"\" class=\"wp-image-3606\" style=\"width:421px;height:561px\" srcset=\"https:\/\/www.ggs-merianstr.de\/wordpress\/wp-content\/uploads\/Weltkindertag1-768x1024.jpg 768w, https:\/\/www.ggs-merianstr.de\/wordpress\/wp-content\/uploads\/Weltkindertag1-225x300.jpg 225w, https:\/\/www.ggs-merianstr.de\/wordpress\/wp-content\/uploads\/Weltkindertag1-113x150.jpg 113w, https:\/\/www.ggs-merianstr.de\/wordpress\/wp-content\/uploads\/Weltkindertag1-1152x1536.jpg 1152w, https:\/\/www.ggs-merianstr.de\/wordpress\/wp-content\/uploads\/Weltkindertag1.jpg 1200w\" sizes=\"auto, (max-width: 768px) 100vw, 768px\" \/><figcaption class=\"wp-element-caption\">Der Kinderrat setzt sich f\u00fcr die Rechte der Kinder ein.<\/figcaption><\/figure>\n\n\n\n<figure class=\"wp-block-image size-large is-resized\"><img loading=\"lazy\" decoding=\"async\" width=\"1024\" height=\"683\" src=\"http:\/\/www.ggs-merianstr.de\/wordpress\/wp-content\/uploads\/Weltkindertag-1024x683.jpg\" alt=\"\" class=\"wp-image-3607\" style=\"width:412px;height:auto\" srcset=\"https:\/\/www.ggs-merianstr.de\/wordpress\/wp-content\/uploads\/Weltkindertag-1024x683.jpg 1024w, https:\/\/www.ggs-merianstr.de\/wordpress\/wp-content\/uploads\/Weltkindertag-300x200.jpg 300w, https:\/\/www.ggs-merianstr.de\/wordpress\/wp-content\/uploads\/Weltkindertag-150x100.jpg 150w, https:\/\/www.ggs-merianstr.de\/wordpress\/wp-content\/uploads\/Weltkindertag-768x512.jpg 768w, https:\/\/www.ggs-merianstr.de\/wordpress\/wp-content\/uploads\/Weltkindertag-1536x1024.jpg 1536w, https:\/\/www.ggs-merianstr.de\/wordpress\/wp-content\/uploads\/Weltkindertag-2048x1365.jpg 2048w\" sizes=\"auto, (max-width: 1024px) 100vw, 1024px\" \/><figcaption class=\"wp-element-caption\">Beim Interview zum Thema Kinderrechte<\/figcaption><\/figure>\n\n\n\n<figure class=\"wp-block-image size-large is-resized\"><img loading=\"lazy\" decoding=\"async\" width=\"768\" height=\"1024\" src=\"http:\/\/www.ggs-merianstr.de\/wordpress\/wp-content\/uploads\/Plakat-768x1024.jpg\" alt=\"\" class=\"wp-image-3608\" style=\"width:435px;height:580px\" srcset=\"https:\/\/www.ggs-merianstr.de\/wordpress\/wp-content\/uploads\/Plakat-768x1024.jpg 768w, https:\/\/www.ggs-merianstr.de\/wordpress\/wp-content\/uploads\/Plakat-225x300.jpg 225w, https:\/\/www.ggs-merianstr.de\/wordpress\/wp-content\/uploads\/Plakat-113x150.jpg 113w, https:\/\/www.ggs-merianstr.de\/wordpress\/wp-content\/uploads\/Plakat-1152x1536.jpg 1152w, https:\/\/www.ggs-merianstr.de\/wordpress\/wp-content\/uploads\/Plakat.jpg 1200w\" sizes=\"auto, (max-width: 768px) 100vw, 768px\" \/><\/figure>\n\n\n\n<p>Weitere Eindr\u00fccke und Informationen \u00fcber den Weltkindertag und Interviews mit dem Kinderrat erhalten Sie unter <a href=\"http:\/\/www.weltkindertag-koeln.de\">www.weltkindertag-koeln.de<\/a> und <a href=\"https:www.youtube.com\/watch?v=Ji3aqPXEOsE\" target=\"_blank\" rel=\"noreferrer noopener\">https:www.youtube.com\/watch?v=Ji3aqPXEOsE<\/a>.<\/p>\n","protected":false},"excerpt":{"rendered":"<p>01.09.2023 Tag der offenen T\u00fcr in der OGTS Die OGTS \u00f6ffnete heute ihre T\u00fcren, pr\u00e4sentierte sich den Eltern und stand f\u00fcr Fragen und Anregungen zur Verf\u00fcgung: 11.02.2021 21.09.2020 Weltkindertag mit dem Linoclub Wie auch im letzten Jahr war der Kinderrat<\/p>\n","protected":false},"author":16,"featured_media":0,"parent":1344,"menu_order":0,"comment_status":"closed","ping_status":"closed","template":"","meta":{"footnotes":""},"class_list":["post-1467","page","type-page","status-publish","hentry"],"_links":{"self":[{"href":"https:\/\/www.ggs-merianstr.de\/wordpress\/index.php?rest_route=\/wp\/v2\/pages\/1467","targetHints":{"allow":["GET"]}}],"collection":[{"href":"https:\/\/www.ggs-merianstr.de\/wordpress\/index.php?rest_route=\/wp\/v2\/pages"}],"about":[{"href":"https:\/\/www.ggs-merianstr.de\/wordpress\/index.php?rest_route=\/wp\/v2\/types\/page"}],"author":[{"embeddable":true,"href":"https:\/\/www.ggs-merianstr.de\/wordpress\/index.php?rest_route=\/wp\/v2\/users\/16"}],"replies":[{"embeddable":true,"href":"https:\/\/www.ggs-merianstr.de\/wordpress\/index.php?rest_route=%2Fwp%2Fv2%2Fcomments&post=1467"}],"version-history":[{"count":15,"href":"https:\/\/www.ggs-merianstr.de\/wordpress\/index.php?rest_route=\/wp\/v2\/pages\/1467\/revisions"}],"predecessor-version":[{"id":5406,"href":"https:\/\/www.ggs-merianstr.de\/wordpress\/index.php?rest_route=\/wp\/v2\/pages\/1467\/revisions\/5406"}],"up":[{"embeddable":true,"href":"https:\/\/www.ggs-merianstr.de\/wordpress\/index.php?rest_route=\/wp\/v2\/pages\/1344"}],"wp:attachment":[{"href":"https:\/\/www.ggs-merianstr.de\/wordpress\/index.php?rest_route=%2Fwp%2Fv2%2Fmedia&parent=1467"}],"curies":[{"name":"wp","href":"https:\/\/api.w.org\/{rel}","templated":true}]}}