{"id":3386,"date":"2020-03-23T12:51:44","date_gmt":"2020-03-23T11:51:44","guid":{"rendered":"http:\/\/www.ggs-merianstr.de\/wordpress\/?page_id=3386"},"modified":"2024-03-22T10:31:36","modified_gmt":"2024-03-22T09:31:36","slug":"kinderseite","status":"publish","type":"page","link":"https:\/\/www.ggs-merianstr.de\/wordpress\/?page_id=3386","title":{"rendered":"Kinderseite"},"content":{"rendered":"\n<h2 class=\"wp-block-heading has-text-align-center has-text-color\" style=\"color:#8683e8\">EINE SEITE NUR F\u00dcR DICH<\/h2>\n\n\n\n<p>Liebe Kinder,<\/p>\n\n\n\n<p>heute m\u00f6chten wir euch \u00fcber die Stadtteilbibliothek in Chorweiler informieren. Dort habt ihr viele M\u00f6glichkeiten euch B\u00fccher, H\u00f6rspiele und Lernspiele auszuleihen oder dort zu nutzen. Fast t\u00e4glich finden am Nachmittag auch Vorlesezeiten oder Spielenachmittage statt. Das GUte ist, dass die Bibliothek direkt beim CityCenter ist und ihr sie somit leicht erreichen k\u00f6nnt. Schaut doch auch bei der Homepage der Bibliothek vorbei.<\/p>\n\n\n\n<p><strong><br>Adresse<\/strong><\/p>\n\n\n\n<p>Pariser Platz 1<br>50765 K\u00f6ln<br><br>Telefon: 0221 \/ 221-96401<\/p>\n\n\n\n<h2 class=\"wp-block-heading\">\u00d6ffnungszeiten<\/h2>\n\n\n\n<p>Dienstag und Mittwoch, 12 bis 18 Uhr<br>Donnerstag, 11 bis 19 Uhr<br>Freitag, 10 bis 18 Uhr<br>Samstag, 10 bis 14 Uhr<br>Montag geschlossen<\/p>\n\n\n\n<h2 class=\"wp-block-heading\">Das Angebot<\/h2>\n\n\n\n<p>Es erwarten euch&nbsp;<strong>23.000 Medien<\/strong>&nbsp;f\u00fcr Erwachsene, Jugendliche&nbsp;und Kinder: B\u00fccher, H\u00f6rb\u00fccher, Zeitschriften und Zeitungen,&nbsp;DVDs, Blu-rays;&nbsp;CDs,&nbsp;PC- und Konsolenspiele,&nbsp;sowie Brettspiele.<\/p>\n\n\n\n<h2 class=\"wp-block-heading\">F\u00fcr Kinder und Jugendliche<\/h2>\n\n\n\n<figure class=\"wp-block-image\"><a href=\"https:\/\/www.stadt-koeln.de\/mediaasset\/bilder\/stadtbibliothek\/graffiti_und_palettensofa_2018.jpg\"><img decoding=\"async\" src=\"https:\/\/www.stadt-koeln.de\/img\/responsive\/bilder-stadtbibliothek-graffiti_und_palettensofa_2018_320.jpg\" alt=\"Graffiti und Plattensofa in der Stadtbibliothek Chorweiler\"\/><\/a><\/figure>\n\n\n\n<ul class=\"wp-block-list\">\n<li>Freundlich und gem\u00fctlich ist es in unserem Kinderbereich. Ein Sessel zum Vorlesen, viele bunte Kissen und ein gro\u00dfer Lesebauwagen laden zum Verweilen ein.<\/li>\n\n\n\n<li>Lustige Bilderb\u00fccher, spannende&nbsp;Kinder- und Jugendb\u00fccher und interessante Sachb\u00fccher k\u00f6nnt Ihr bei uns ausleihen. Dazu viele&nbsp;DVDs,&nbsp;CDs und Konsolenspiele.<\/li>\n\n\n\n<li>Au\u00dferdem gibt es einen&nbsp;<strong>Gamingraum<\/strong>&nbsp;mit einer&nbsp;Playstation&nbsp;4, vielen Mangas und&nbsp;Comics. Das Graffiti in der Jugendbibliothek von Puya Bagheri ist ebenfalls sehenswert! Kommt vorbei, spielt&nbsp;Playstation&nbsp;und macht es euch auf unserem Palettensofa gem\u00fctlich!<\/li>\n\n\n\n<li>Sowohl im Erdgeschoss, als auch in unserem gro\u00dfen&nbsp;<strong>Sch\u00fclerzentrum<\/strong>&nbsp;im Obergeschoss findet Ihr ganz viel Platz zum Lernen und Hausaufgaben machen. Sch\u00fclerhilfen und Hausaufgabenhilfe stehen f\u00fcr Euch bereit!<\/li>\n\n\n\n<li>Nat\u00fcrlich verf\u00fcgt die gesamte Bibliothek \u00fcber&nbsp;<strong><abbr title=\"Wireless Local Area Network\">WLAN<\/abbr>,&nbsp;<\/strong>das<strong>&nbsp;kostenlos<\/strong>&nbsp;genutzt werden kann!<\/li>\n<\/ul>\n\n\n\n<h2 class=\"wp-block-heading\">Weitere Angebote und besondere Veranstaltungen<\/h2>\n\n\n\n<ul class=\"wp-block-list\">\n<li>Drei Internet-PCs<\/li>\n\n\n\n<li>Kindergarten- und Klassenf\u00fchrungen (Anmeldung erw\u00fcnscht)<\/li>\n\n\n\n<li>Hausaufgabenbetreuung<\/li>\n\n\n\n<li>Lesungen<\/li>\n\n\n\n<li>PS4-Konsole<\/li>\n\n\n\n<li>Bibliotheksf\u00fchrungen f\u00fcr Alphabetisierungskurse<\/li>\n\n\n\n<li>Bibliotheksf\u00fchrungen f\u00fcr Migrationskurse<\/li>\n\n\n\n<li>Lernstudio<\/li>\n<\/ul>\n\n\n\n<p><a href=\"https:\/\/www.stadt-koeln.de\/leben-in-koeln\/stadtbibliothek\/unsere-saatgutbibliothek\">Unser besonderes Angebot: Die Saatgutbibliothek<\/a><\/p>\n\n\n\n<p>Als Partnerin im K\u00f6lner B\u00fcndnis f\u00fcr Alphabetisierung und Grundbildung bieten wir Bibliotheksf\u00fchrungen f\u00fcr Alphabetisierungskurse an. In unserem&nbsp;<strong>Lernstudio<\/strong>&nbsp;haben Menschen, die nicht oder ungen\u00fcgend lesen und schreiben k\u00f6nnen, einen Lernort, um ihre Lese- und Schreibf\u00e4higkeiten weiter zu verbessern. <a href=\"https:\/\/www.stadt-koeln.de\/leben-in-koeln\/stadtbibliothek\/grundbildung-in-deutscher-sprache-fuer-erwachsene\">Alphabetisierung und Grundbildung f\u00fcr Erwachsene<\/a><\/p>\n\n\n\n<h2 class=\"wp-block-heading\"><a href=\"https:\/\/www.stadt-koeln.de\/leben-in-koeln\/freizeit-natur-sport\/veranstaltungskalender?from=today&amp;to=20241231&amp;search_text=&amp;veranstaltung_stadtbezirk=&amp;veranstaltung_kategorie=59&amp;start=0#\">Veranstaltungen f\u00fcr Montag, 11. M\u00e4rz 2024 bis Dienstag, 31. Dezember 2024<\/a><\/h2>\n\n\n\n<p style=\"font-size:32px\">Dezember <\/p>\n\n\n\n<p>Liebe Kinder,<\/p>\n\n\n\n<p class=\"has-text-align-center\">wer kennt ihn nicht und hat sp\u00e4testens im vierten Schuljahr schon mal das Buch \u00fcber Greg in der Hand gehabt. Dieser kleine Comic-Held fasziniert euch immer wieder aufs Neue. <\/p>\n\n\n\n<p class=\"has-text-align-center\">Wusstet ihr, dass es im Internet eine ganze Seite nur \u00fcber und von Greg und seinen Erlebnissen gibt? Da findet ihr auch Ideen zum Basteln, zum Zeichnen und Kreativ sein. Wolltet ihr schon immer wissen, wie man Greg und seine Freunde malen kann? Dann schaut daf\u00fcr auf die Seite <a rel=\"noreferrer noopener\" href=\"http:\/\/www.gregstagebuch.de\" data-type=\"URL\" data-id=\"www.gregstagebuch.de\" target=\"_blank\">www.gregstagebuch.de <\/a>, vielleicht findet ihr auch Anregungen, um eine eigene Geschichte zu schreiben oder bei Malaktionen mitzumachen. Verschiedene Aktionen rund um B\u00fccher und Kinder gibt es auch von der <a href=\"https:\/\/buchstabenbande.luebbe.de\/\" data-type=\"URL\" data-id=\"https:\/\/buchstabenbande.luebbe.de\/\" target=\"_blank\" rel=\"noreferrer noopener\">BuchstabenBande<\/a>. Auf der Seite gibt es H\u00f6rspiele, Bastelvideos aber auch Rezepte und Leseaktionen. F\u00fcr euch wird gewiss etwas dabei sein. <\/p>\n\n\n\n<p class=\"has-text-align-center\">Viel Spa\u00df beim Rumst\u00f6bern und beim Ausprobieren der Mal- und Bastelaktionen.<\/p>\n\n\n\n<p style=\"font-size:32px\">M\u00e4rz <\/p>\n\n\n\n<p>Liebe Kinder,<\/p>\n\n\n\n<p>du hast sicher die vielen Lernangebote auf der Startseite unserer Homepage gesehen. Wir w\u00fcnschen dir viel Freude beim Lernen und Entdecken. Weiter unten findest du alle Seiten noch mal aufgelistet.<\/p>\n\n\n\n<p><strong>Wenn es dir einmal nicht gut geht, <\/strong>weil du vielleicht Kummer hast, weil du \u00c4rger hast oder weil du dich nicht wohl f\u00fchlst, dann kannst du uns gerne anrufen. <\/p>\n\n\n\n<p><strong>Schule<\/strong>: 3373006 &#8211; 10<\/p>\n\n\n\n<p>Wir helfen dir dann weiter.  <\/p>\n\n\n\n<p>Nat\u00fcrlich kannst du uns oder deiner Lehrerin auch einen Brief schreiben. Wenn du den Brief an die Schule schickst, senden wir ihn dann weiter an deine Klassenlehrerin. <\/p>\n\n\n\n<p><strong>Adresse<\/strong>: GGS Merianstra\u00dfe, Merianstra\u00dfe 7-9, 50765 K\u00f6ln<\/p>\n\n\n\n<p>M\u00f6chtest du lieber andere Helfer anrufen? <\/p>\n\n\n\n<p>Hier wird dir auch bei Kummer geholfen:<\/p>\n\n\n\n<ul class=\"wp-block-list\">\n<li><strong>Jugendamt in Chorweiler : 221 &#8211; 96999<\/strong><\/li>\n\n\n\n<li><strong>&#8222;Nummer gegen Kummer&#8220;: 116111<\/strong> oder 0800\/1110333<\/li>\n<\/ul>\n\n\n\n<h2 class=\"wp-block-heading has-text-align-center\"><mark style=\"background-color:rgba(0, 0, 0, 0)\" class=\"has-inline-color has-vivid-purple-color\">Frau Goerdt ist auch f\u00fcr euch da<\/mark><\/h2>\n\n\n\n<p>Liebe Kinder,<\/p>\n\n\n\n<p>ihr k\u00f6nnt Frau Goerdt von Montag bis Freitag zwischen 12.00 und 14.00 Uhr anrufen oder auf die Mailbox sprechen. <\/p>\n\n\n\n<p><mark style=\"background-color:rgba(0, 0, 0, 0)\" class=\"has-inline-color has-luminous-vivid-orange-color\"> 0176 \u2013 15221480.<\/mark><\/p>\n\n\n\n<p><\/p>\n\n\n\n<p class=\"has-text-align-center\">In ganz wichtigen, <strong>dringenden <\/strong>F\u00e4llen w\u00e4hlst du die Nummer der Polizei: <strong>110<\/strong><\/p>\n\n\n\n<p>Liebe Gr\u00fc\u00dfe und eine gute, gesunde Zeit f\u00fcr dich!<\/p>\n\n\n\n<p>Deine Lehrerinnen und Lehrer der GGS Merianstra\u00dfe<\/p>\n\n\n\n<p><\/p>\n\n\n\n<h2 class=\"wp-block-heading has-vivid-red-color has-text-color\">H\u00f6rspiele und vieles mehr im Radio<\/h2>\n\n\n\n<ol class=\"wp-block-list\">\n<li>Der Radiosender NDR bietet t\u00e4glich von montags bis freitags von 9 &#8211; 13 Uhr eine Extra-Ausgabe f\u00fcr Kinder von 7-13 Jahren an (Mikado &#8211; Extra). Um 16 Uhr gibt es zudem eine Lesestunde bekannter Kinderbuchautorinnen.\n<ul class=\"wp-block-list\">\n<li><a href=\"https:\/\/www.ndr.de\/nachrichten\/info\/sendungen\/mikado\/index.html\">https:\/\/www.ndr.de\/nachrichten\/info\/sendungen\/mikado\/index.html<\/a><\/li>\n<\/ul>\n<\/li>\n\n\n\n<li>Ebenso bietet der lokale Sender WDR ein Kinderradio mit vielen Aktionen, H\u00f6rspielen und vielem mehr f\u00fcr Kinder an.\n<ul class=\"wp-block-list\">\n<li><a href=\"https:\/\/kinder.wdr.de\/radio\/kiraka\/\">https:\/\/kinder.wdr.de\/radio\/kiraka\/<\/a><\/li>\n<\/ul>\n<\/li>\n<\/ol>\n\n\n\n<h4 class=\"wp-block-heading\">24.03.2020<\/h4>\n\n\n\n<h2 class=\"wp-block-heading\">Regenbogenbilder<\/h2>\n\n\n\n<p>Inspiriert durch die Malaktion in Italien m\u00f6chten wir euch auch die M\u00f6glichkeit geben Regenbogen &#8211; Bilder zu malen. Sie sollen zeigen, wie wichtig es gerade ist zu Hause zu bleiben, damit nicht noch mehr Menschen krank werden.<\/p>\n\n\n\n<p><a href=\"http:\/\/www.ggs-merianstr.de\/wordpress\/wp-content\/uploads\/Ausmalbild-Regenbogen.pdf.pdf\">Ausmalbild-Regenbogen.pdf<\/a><\/p>\n\n\n\n<p><a href=\"http:\/\/www.ggs-merianstr.de\/wordpress\/wp-content\/uploads\/Erkl\u00e4rung-zum-Ausmalbild.pdf.pdf\">Erkl\u00e4rung zum Ausmalbild.pdf<\/a><\/p>\n\n\n\n<p>Viel Spa\u00df beim Gestalten!<\/p>\n\n\n\n<h2 class=\"wp-block-heading has-text-align-center has-vivid-red-color has-text-color\">Lernen von zu Hause aus<\/h2>\n\n\n\n<p>Wie auf der <strong>Startseite <\/strong>unserer Homepage haben wir f\u00fcr euch hier noch mal alle Tipps und Seiten aufgelistet, die ihr von zu Hause aus zum Lernen gut nutzen k\u00f6nnt. Falls du Hilfe brauchst, frage deine Eltern oder \u00e4ltere Geschwister beim Aufrufen der Seiten:<\/p>\n\n\n\n<ol class=\"wp-block-list\">\n<li>Notfall-Lernpaket: &nbsp;<a href=\"https:\/\/www.mildenberger-verlag.de\/page.php?modul=GoShopping&amp;op=show_rubrik&amp;cid=1176&amp;em_src=nl&amp;em_cmp=NLGSL\/2020\/03_Gratis_Downloads_Lernen_zu_Hause\">https:\/\/www.mildenberger-verlag.de\/page.php?modul=GoShopping&amp;op=show_rubrik&amp;cid=1176&amp;em_src=nl&amp;em_cmp=NLGSL\/2020\/03_Gratis_Downloads_Lernen_zu_Hause<\/a>&nbsp;<\/li>\n\n\n\n<li>kostenlose Lern-APP finden Sie unter&nbsp;<a href=\"https:\/\/anton.app\/de\/\">https:\/\/anton.app\/de\/<\/a><\/li>\n\n\n\n<li>Gratismaterial vor allem f\u00fcr die<strong> 1. Klasse<\/strong> gibt es unter folgenden Link&nbsp;<a href=\"https:\/\/lingoplay.de\/Mehr\/Gratismaterial-zum-Download:::378_40.html\">https:\/\/lingoplay.de\/Mehr\/Gratismaterial-zum-Download:::378_40.html<\/a><\/li>\n\n\n\n<li>Suchmaschinen:  <a href=\"http:\/\/www.blinde-kuh.de\/\">http:\/\/www.blinde-kuh.de\/<\/a> oder <a href=\"http:\/\/www.fragfinn.de\/\">http:\/\/www.fragfinn.de\/<\/a> <\/li>\n\n\n\n<li> Internetseiten zu allen F\u00e4chern: <a href=\"https:\/\/www.hamsterkiste.de\/\">https:\/\/www.hamsterkiste.de\/<\/a> <\/li>\n\n\n\n<li> Antolin auch von zu Hause m\u00f6glich: <a href=\"https:\/\/antolin.westermann.de\/\">https:\/\/antolin.westermann.de\/<\/a> <\/li>\n\n\n\n<li> Die Sendung mit der Maus mit verschiedenen Beitr\u00e4gen: <a href=\"https:\/\/www.wdrmaus.de\/\">https:\/\/www.wdrmaus.de\/<\/a> <\/li>\n\n\n\n<li> weitere Kinderseiten: <a href=\"https:\/\/kinder.wdr.de\/tv\/wissen-macht-ah\/\">https:\/\/kinder.wdr.de\/tv\/wissen-macht-ah\/<\/a> ; <a href=\"https:\/\/www.br.de\/kinder\/schauen\/willi-wills-wissen\/index.html\">https:\/\/www.br.de\/kinder\/schauen\/willi-wills-wissen\/index.html<\/a> <\/li>\n\n\n\n<li>Sportlich bleiben: <a href=\"https:\/\/www.albaberlin.de\/news\/details\/reaktion-auf-coronavirus-alba-berlin-startet-taegliche-digitale-sportstunde-fuer-kinder-und-jugendlic\/\">https:\/\/www.albaberlin.de\/news\/details\/reaktion-auf-coronavirus-alba-berlin-startet-taegliche-digitale-sportstunde-fuer-kinder-und-jugendlic\/<\/a> <\/li>\n\n\n\n<li> beliebte Seiten zum Basteln: <a href=\"http:\/\/www.labbe.de\/\">http:\/\/www.labbe.de\/<\/a> ; <a href=\"https:\/\/www.kidsweb.de\/\">https:\/\/www.kidsweb.de\/<\/a> <\/li>\n\n\n\n<li> R\u00e4tsel und vieles mehr: <a href=\"https:\/\/www.raetseldino.de\/knobelaufgaben-kinder.html\">https:\/\/www.raetseldino.de\/knobelaufgaben-kinder.htm<\/a> ; <a href=\"https:\/\/www.kleineschule.com.de\/raetsel.html\">https:\/\/www.kleineschule.com.de\/raetsel.html<\/a> ;  <a href=\"http:\/\/www.denksport-raetsel.de\/R%C3%A4tsel\/Kinderr%C3%A4tsel\">http:\/\/www.denksport-raetsel.de\/R%C3%A4tsel\/Kinderr%C3%A4tsel<\/a> <\/li>\n<\/ol>\n\n\n\n<p><\/p>\n","protected":false},"excerpt":{"rendered":"<p>EINE SEITE NUR F\u00dcR DICH Liebe Kinder, heute m\u00f6chten wir euch \u00fcber die Stadtteilbibliothek in Chorweiler informieren. Dort habt ihr viele M\u00f6glichkeiten euch B\u00fccher, H\u00f6rspiele und Lernspiele auszuleihen oder dort zu nutzen. Fast t\u00e4glich finden am Nachmittag auch Vorlesezeiten oder<\/p>\n","protected":false},"author":16,"featured_media":0,"parent":1365,"menu_order":0,"comment_status":"closed","ping_status":"closed","template":"","meta":{"footnotes":""},"class_list":["post-3386","page","type-page","status-publish","hentry"],"_links":{"self":[{"href":"https:\/\/www.ggs-merianstr.de\/wordpress\/index.php?rest_route=\/wp\/v2\/pages\/3386","targetHints":{"allow":["GET"]}}],"collection":[{"href":"https:\/\/www.ggs-merianstr.de\/wordpress\/index.php?rest_route=\/wp\/v2\/pages"}],"about":[{"href":"https:\/\/www.ggs-merianstr.de\/wordpress\/index.php?rest_route=\/wp\/v2\/types\/page"}],"author":[{"embeddable":true,"href":"https:\/\/www.ggs-merianstr.de\/wordpress\/index.php?rest_route=\/wp\/v2\/users\/16"}],"replies":[{"embeddable":true,"href":"https:\/\/www.ggs-merianstr.de\/wordpress\/index.php?rest_route=%2Fwp%2Fv2%2Fcomments&post=3386"}],"version-history":[{"count":14,"href":"https:\/\/www.ggs-merianstr.de\/wordpress\/index.php?rest_route=\/wp\/v2\/pages\/3386\/revisions"}],"predecessor-version":[{"id":5270,"href":"https:\/\/www.ggs-merianstr.de\/wordpress\/index.php?rest_route=\/wp\/v2\/pages\/3386\/revisions\/5270"}],"up":[{"embeddable":true,"href":"https:\/\/www.ggs-merianstr.de\/wordpress\/index.php?rest_route=\/wp\/v2\/pages\/1365"}],"wp:attachment":[{"href":"https:\/\/www.ggs-merianstr.de\/wordpress\/index.php?rest_route=%2Fwp%2Fv2%2Fmedia&parent=3386"}],"curies":[{"name":"wp","href":"https:\/\/api.w.org\/{rel}","templated":true}]}}